{"id":355,"date":"2015-08-12T12:07:32","date_gmt":"2015-08-12T12:07:32","guid":{"rendered":"http:\/\/savoy.nordicmade.com\/?page_id=355"},"modified":"2024-04-25T19:01:15","modified_gmt":"2024-04-25T19:01:15","slug":"urmarire-comanda","status":"publish","type":"page","link":"https:\/\/gravatorre.ro\/?page_id=355","title":{"rendered":"Urmarire comanda"},"content":{"rendered":"<div class=\"woocommerce\">\r\n<style type=\"text\/css\">\r\n\t.woocommerce-error { margin: 55px auto -9px; text-align: center; }\r\n\t@media all and (max-width: 550px) { .woocommerce-error { margin-bottom: -36px; } }\r\n<\/style>\r\n\r\n<div class=\"nm-order-track\">\r\n    <div class=\"nm-order-track-top\">\r\n        <h1>Order Tracking<\/h1>\r\n        \r\n\t\t<p>Pentru a urm\u0103ri comanda, te rog s\u0103 introduci ID-ul comenzii \u00een caseta de mai jos \u0219i apoi s\u0103 ape\u0219i pe butonul \u201eUrm\u0103re\u0219te\u201d. ID-ul comenzii \u00eel g\u0103se\u0219ti pe chitan\u021b\u0103 \u0219i \u00een emailul de confirmare pe care l-ai primit.<\/p>        \r\n    <\/div>\r\n    \r\n    <div class=\"nm-order-track-form\">\r\n        <form action=\"https:\/\/gravatorre.ro\/?page_id=355\" method=\"post\" class=\"woocommerce-form woocommerce-form-track-order track_order\">\r\n            \r\n                        \r\n            <p class=\"form-row form-row-wide\"><label for=\"orderid\">ID comand\u0103<\/label> <input class=\"input-text\" type=\"text\" name=\"orderid\" id=\"orderid\" value=\"\" placeholder=\"Se afl\u0103 \u00een emailul de confirmare a comenzii.\" \/><\/p>\r\n            <p class=\"form-row form-row-wide\"><label for=\"order_email\">Email facturare<\/label> <input class=\"input-text\" type=\"text\" name=\"order_email\" id=\"order_email\" value=\"\" placeholder=\"Emailul pe care l-ai folosit \u00een timpul finaliz\u0103rii.\" \/><\/p>\r\n            \r\n                        \r\n            <p class=\"form-actions\"><button type=\"submit\" class=\"button\" name=\"track\" value=\"Urm\u0103re\u0219te\">Urm\u0103re\u0219te<\/button><\/p>\r\n            <input type=\"hidden\" id=\"woocommerce-order-tracking-nonce\" name=\"woocommerce-order-tracking-nonce\" value=\"fd0c48c185\" \/><input type=\"hidden\" name=\"_wp_http_referer\" value=\"\/index.php?rest_route=%2Fwp%2Fv2%2Fpages%2F355\" \/>            \r\n                        \r\n        <\/form>\r\n    <\/div>\r\n<\/div><\/div>\n","protected":false},"excerpt":{"rendered":"","protected":false},"author":2,"featured_media":0,"parent":0,"menu_order":0,"comment_status":"closed","ping_status":"closed","template":"","meta":{"footnotes":""},"class_list":["post-355","page","type-page","status-publish","hentry"],"_links":{"self":[{"href":"https:\/\/gravatorre.ro\/index.php?rest_route=\/wp\/v2\/pages\/355","targetHints":{"allow":["GET"]}}],"collection":[{"href":"https:\/\/gravatorre.ro\/index.php?rest_route=\/wp\/v2\/pages"}],"about":[{"href":"https:\/\/gravatorre.ro\/index.php?rest_route=\/wp\/v2\/types\/page"}],"author":[{"embeddable":true,"href":"https:\/\/gravatorre.ro\/index.php?rest_route=\/wp\/v2\/users\/2"}],"replies":[{"embeddable":true,"href":"https:\/\/gravatorre.ro\/index.php?rest_route=%2Fwp%2Fv2%2Fcomments&post=355"}],"version-history":[{"count":1,"href":"https:\/\/gravatorre.ro\/index.php?rest_route=\/wp\/v2\/pages\/355\/revisions"}],"predecessor-version":[{"id":2695,"href":"https:\/\/gravatorre.ro\/index.php?rest_route=\/wp\/v2\/pages\/355\/revisions\/2695"}],"wp:attachment":[{"href":"https:\/\/gravatorre.ro\/index.php?rest_route=%2Fwp%2Fv2%2Fmedia&parent=355"}],"curies":[{"name":"wp","href":"https:\/\/api.w.org\/{rel}","templated":true}]}}