{"id":358,"date":"2015-08-12T12:27:19","date_gmt":"2015-08-12T12:27:19","guid":{"rendered":"http:\/\/savoy.nordicmade.com\/?page_id=358"},"modified":"2024-05-18T10:22:52","modified_gmt":"2024-05-18T10:22:52","slug":"despre","status":"publish","type":"page","link":"https:\/\/gravatorre.ro\/?page_id=358","title":{"rendered":"Politica de confiden\u021bialitate"},"content":{"rendered":"\t\t<div data-elementor-type=\"wp-page\" data-elementor-id=\"358\" class=\"elementor elementor-358\">\n\t\t\t\t\t\t<section class=\"elementor-section elementor-top-section elementor-element elementor-element-9340f67 elementor-section-boxed elementor-section-height-default elementor-section-height-default\" data-id=\"9340f67\" data-element_type=\"section\" data-e-type=\"section\">\n\t\t\t\t\t\t<div class=\"elementor-container elementor-column-gap-extended\">\n\t\t\t\t\t<div class=\"elementor-column elementor-col-100 elementor-top-column elementor-element elementor-element-abe2cca\" data-id=\"abe2cca\" data-element_type=\"column\" data-e-type=\"column\">\n\t\t\t<div class=\"elementor-widget-wrap elementor-element-populated\">\n\t\t\t\t\t\t<div class=\"elementor-element elementor-element-530fccd elementor-widget elementor-widget-heading\" data-id=\"530fccd\" data-element_type=\"widget\" data-e-type=\"widget\" data-widget_type=\"heading.default\">\n\t\t\t\t<div class=\"elementor-widget-container\">\n\t\t\t\t\t<h2 class=\"elementor-heading-title elementor-size-default\">GDPR<\/h2>\t\t\t\t<\/div>\n\t\t\t\t<\/div>\n\t\t\t\t\t<\/div>\n\t\t<\/div>\n\t\t\t\t\t<\/div>\n\t\t<\/section>\n\t\t<div class=\"elementor-element elementor-element-ea4f6ac e-flex e-con-boxed e-con e-parent\" data-id=\"ea4f6ac\" data-element_type=\"container\" data-e-type=\"container\">\n\t\t\t\t\t<div class=\"e-con-inner\">\n\t\t\t\t<div class=\"elementor-element elementor-element-d0d264c elementor-widget elementor-widget-text-editor\" data-id=\"d0d264c\" data-element_type=\"widget\" data-e-type=\"widget\" data-widget_type=\"text-editor.default\">\n\t\t\t\t<div class=\"elementor-widget-container\">\n\t\t\t\t\t\t\t\t\t<ol>\n<li><strong>A. Introducere<\/strong><\/li>\n<li>Confiden\u021bialitatea vizitatorilor website-ului nostru, numit \u00een&nbsp;continuare www.gravatorre.ro,&nbsp; este foarte important\u0103 pentru noi \u0219i ne lu\u0103m angajamentul s\u0103 o protej\u0103m. Aceast\u0103 politic\u0103 explic\u0103 ce vom face cu informa\u021biile dumneavoastr\u0103 personale.<\/li>\n<li>Acordarea consim\u021b\u0103m\u00e2ntului asupra utiliz\u0103rii cookie-urilor \u00een concordan\u021b\u0103 cu termenii acestei politici atunci c\u00e2nd vizita\u021bi website-ul nostru&nbsp;, numit \u00een&nbsp;continuare www.gravatorre.ro&nbsp;pentru prima dat\u0103, ne permite s\u0103 utiliz\u0103m cookie-uri de fiecare dat\u0103 c\u00e2nd vizita\u021bi website-ul nostru.<\/li>\n<\/ol>\n<p><strong>C. Colectarea informa\u021biilor personale<\/strong><\/p>\n<p><\/p>\n<p>Pot fi colectate, stocate \u0219i utilizate urm\u0103toarele tipuri de informa\u021bii personale:<\/p>\n<ol>\n<li>informa\u021bii despre computer, inclusiv adresa IP, loca\u021bia geografic\u0103, tipul \u0219i versiunea browser-ului \u0219i despre sistemul de operare;<\/li>\n<li>informa\u021bii despre vizitele \u0219i utilizarea acestui website, inclusiv sursa de recomandare, durata vizitei, vizualiz\u0103rile paginii \u0219i c\u0103ile de navigare pe website;<\/li>\n<li>informa\u021bii precum adresa dvs. de e-mail, pe care le introduce\u021bi atunci c\u00e2nd v\u0103 \u00eenregistra\u021bi pe website-ul nostru, numit \u00een&nbsp;continuare www.gravatorre.ro;<\/li>\n<li>informa\u021biile pe care le introduce\u021bi atunci c\u00e2nd crea\u021bi un profil pe website-ul nostru, numit \u00een&nbsp;continuare www.gravatorre.ro&nbsp;\u2013 de exemplu, numele dvs., pozele de profil, sexul, data na\u0219terii, starea civil\u0103, interese \u0219i hobby-uri, detalii academice \u0219i detalii despre ocupa\u021bie;<\/li>\n<li>informa\u021bii precum numele \u0219i adresa dvs. de e-mail, pe care le introduce\u021bi pentru a configura abon\u0103rile la e-mailurile \u0219i\/sau la buletinele noastre informative;<\/li>\n<li>informa\u021bii pe care le introduce\u021bi \u00een timp ce utiliza\u021bi serviciile de pe website-ul nostru, numit \u00een&nbsp;continuare www.gravatorre.ro&nbsp;;<\/li>\n<li>informa\u021bii care sunt generate \u00een timp ce utiliza\u021bi website-ul nostru, numit \u00een&nbsp;continuare www.gravatorre.ro,&nbsp;inclusiv despre c\u00e2nd, c\u00e2t de des \u0219i \u00een ce circumstan\u021be \u00eel utiliza\u021bi;<\/li>\n<li>informa\u021bii referitoare la orice achizi\u021bie efectuat\u0103, servicii utilizate sau tranzac\u021bii pe care le face\u021bi prin intermediul website-ului nostru, numit \u00een&nbsp;continuare www.gravatorre.ro,&nbsp;care pot include numele, adresa, num\u0103rul de telefon, adresa de e-mail \u0219i detaliile cardului bancar;<\/li>\n<li>informa\u021biile pe care le posta\u021bi pe website-ul nostru, numit \u00een&nbsp;continuare www.gravatorre.ro,&nbsp;cu inten\u021bia de a le publica pe internet, care pot include numele dvs. de utilizator, imaginile de profil \u0219i con\u021binutul post\u0103rilor;<\/li>\n<li>informa\u021bii con\u021binute \u00een orice comunic\u0103ri ne trimite\u021bi prin e-mail sau prin intermediul website-ului nostru, numit \u00een&nbsp;continuare www.gravatorre.ro, inclusiv con\u021binutul comunic\u0103rilor \u0219i metadatele acestora;<\/li>\n<li>orice alte informa\u021bii personale pe care ni le trimite\u021bi.<\/li>\n<\/ol>\n<p>\u00cenainte de a ne divulga informa\u021biile personale ale unei alte persoane, trebuie s\u0103 ob\u021bine\u021bi consim\u021b\u0103m\u00e2ntul acelei persoanei at\u00e2t pentru divulgarea, c\u00e2t \u0219i pentru procesarea informa\u021biilor personale \u00een conformitate cu aceast\u0103 politic\u0103.<\/p>\n<p><\/p>\n<p><strong>D. Utilizarea informa\u021biilor dvs. personale<\/strong><\/p>\n<p><\/p>\n<p>Informa\u021biile personale transmise prin intermediul website-ului nostru vor fi utilizate \u00een scopurile specificate de aceast\u0103 politic\u0103 sau \u00een paginile respective ale website-ului. Putem folosi informa\u021biile dvs. personale pentru:<\/p>\n<ol>\n<li>administrarea website-ului \u0219i a afacerii noastre;<\/li>\n<li>personalizarea website-ului nostru pentru dvs.;<\/li>\n<li>autorizarea utiliz\u0103rii serviciilor disponibile pe website-ul nostru;<\/li>\n<li>trimiterea de bunuri cump\u0103rate prin intermediul website-ului nostru;<\/li>\n<li>furnizarea serviciilor achizi\u021bionate prin intermediul website-ului nostru;<\/li>\n<li>trimiterea de rapoarte, facturi \u0219i notific\u0103ri de plat\u0103 c\u0103tre dvs. \u0219i colectarea pl\u0103\u021bilor de la dvs.;<\/li>\n<li>trimiterea de comunic\u0103ri comerciale \u00een vederea inform\u0103rii;<\/li>\n<li>trimiterea prin e-mail de notific\u0103ri solicitate \u00een mod expres;<\/li>\n<li>trimiterea buletinului nostru informativ prin e-mail, dac\u0103 l-a\u021bi solicitat (ne pute\u021bi informa oric\u00e2nd dac\u0103 nu mai dori\u021bi aceast\u0103 comunicare);<\/li>\n<li>trimiterea de comunic\u0103ri de marketing referitoare la afacerea noastr\u0103 sau la companiile unor ter\u021bi selecta\u021bi cu aten\u021bie, care consider\u0103m c\u0103 v\u0103 pot interesa, prin po\u0219t\u0103 sau, acolo unde a\u021bi consim\u021bit \u00een mod specific, prin e-mail sau tehnologii similare (ne pute\u021bi informa \u00een orice moment dac\u0103 nu mai dori\u021bi s\u0103 primi\u021bi comunic\u0103ri de marketing);<\/li>\n<li>furnizarea c\u0103tre ter\u021bi a informa\u021biilor statistice despre utilizatorii no\u0219tri (ace\u0219ti ter\u021bi nu vor putea identifica niciun utilizator cu ajutorul acestor informa\u021bii);<\/li>\n<li>abordarea solicit\u0103rilor \u0219i reclama\u021biilor f\u0103cute de dvs. sau despre dvs. referitoare la website-ul nostru;<\/li>\n<li>p\u0103strarea securit\u0103\u021bii website-ului nostru \u0219i prevenirea fraudelor;<\/li>\n<li>verificarea respect\u0103rii termenilor \u0219i condi\u021biilor care reglementeaz\u0103 utilizarea website-ului nostru (inclusiv monitorizarea mesajelor private trimise prin intermediul serviciului nostru de mesagerie privat\u0103); \u0219i<\/li>\n<li>alte utiliz\u0103ri.<\/li>\n<\/ol>\n<p>Dac\u0103 trimite\u021bi informa\u021bii personale \u00een vederea public\u0103rii pe website-ul nostru, vom publica \u0219i vom folosi aceste informa\u021bii \u00een concordan\u021b\u0103 cu \u00eentinderea acordului pe care ni-l furniza\u021bi.<\/p>\n<p><\/p>\n<p>Set\u0103rile de confiden\u021bialitate pot fi utilizate pentru a limita publicarea informa\u021biilor dvs. pe website-ul nostru \u0219i pot fi modificate cu ajutorul comutatoarelor de confiden\u021bialitate de pe website.<\/p>\n<p><\/p>\n<p>F\u0103r\u0103 consim\u021b\u0103m\u00e2ntul dvs. expres, nu vom furniza informa\u021biile dvs. personale c\u0103tre ter\u021bi pentru marketingul direct din partea acestor ter\u021bi sau din partea oric\u0103rei alte ter\u021be p\u0103r\u021bi.<\/p>\n<p><\/p>\n<p><strong>E. Divulgarea informa\u021biilor personale<\/strong><\/p>\n<p><\/p>\n<p>Putem divulga informa\u021biile dvs. personale oric\u0103ruia dintre angaja\u021bii, ofi\u021berii, asigur\u0103torii, consilierii profesioni\u0219ti, agen\u021bii, furnizorii sau subcontractan\u021bii no\u0219tri dup\u0103 cum este necesar \u00een mod rezonabil pentru scopurile prev\u0103zute \u00een aceast\u0103 politic\u0103.<\/p>\n<p><\/p>\n<p>Putem dezv\u0103lui informa\u021biile dvs. personale oric\u0103rui membru al grupului nostru de companii (acesta include filialele noastre, compania-mam\u0103 \u0219i toate filialele sale), dup\u0103 cum este necesar \u00een mod rezonabil pentru scopurile prev\u0103zute \u00een aceast\u0103 politic\u0103.<\/p>\n<p><\/p>\n<p>Putem divulga informa\u021biile dvs. personale:<\/p>\n<ol>\n<li>\u00een m\u0103sura \u00een care ni se solicit\u0103 acest lucru prin lege;<\/li>\n<li>\u00een leg\u0103tur\u0103 cu orice procedur\u0103 legal\u0103 poten\u021bial\u0103 sau \u00een curs;<\/li>\n<li>pentru a stabili, exercita sau ap\u0103ra drepturile noastre legale (inclusiv furnizarea de informa\u021bii c\u0103tre ter\u021bi \u00een scopul prevenirii fraudelor \u0219i reducerea riscului de credit);<\/li>\n<li>c\u0103tre cump\u0103r\u0103torul (sau poten\u021bialul cump\u0103r\u0103tor) al oric\u0103rei afaceri sau oric\u0103rui bun pe care le-am v\u00e2ndut (sau avem \u00een plan s\u0103 \u00eel vindem); \u0219i<\/li>\n<li>oric\u0103rei persoane consider\u0103m \u00een mod rezonabil c\u0103 s-ar putea adresa unei instan\u021be sau unei alte autorit\u0103\u021bi competente pentru divulgarea informa\u021biilor personale \u00een cazul \u00een care, \u00een opinia noastr\u0103 rezonabil\u0103, o astfel de instan\u021b\u0103 sau autoritate ar putea s\u0103 dispun\u0103 divulgarea informa\u021biilor personale.<\/li>\n<\/ol>\n<p>Cu excep\u021bia situa\u021biilor prev\u0103zute \u00een aceast\u0103 politic\u0103, nu vom furniza informa\u021biile dvs. personale c\u0103tre ter\u021bi.<\/p>\n<p><\/p>\n<p><strong>F. Transferuri interna\u021bionale de date<\/strong><\/p>\n<ol>\n<li>Informa\u021biile pe care le colect\u0103m pot fi stocate, prelucrate \u0219i transferate \u00eentre oricare dintre \u021b\u0103rile \u00een care func\u021bion\u0103m pentru a ne permite s\u0103 utiliz\u0103m informa\u021biile \u00een conformitate cu aceast\u0103 politic\u0103.<\/li>\n<li>Informa\u021biile colectate pot fi transferate \u00eentre urm\u0103toarele \u021b\u0103ri care nu au instituite legi de protec\u021bie a datelor personale echivalente cu cele \u00een vigoare \u00een Spa\u021biul Economic European: Statele Unite ale Americii, Rusia, Japonia, China \u0219i India.<\/li>\n<li>Informa\u021biile personale pe care le publica\u021bi pe website-ul nostru sau pe care le trimite\u021bi spre publicare pe website-ul nostru pot fi disponibile prin internet \u00een \u00eentreaga lume. Nu putem \u00eempiedica utilizarea sau utilizarea gre\u0219it\u0103 a acestor informa\u021bii de c\u0103tre al\u021bii.<\/li>\n<li>Sunte\u021bi de acord \u00een mod expres cu transferurile de informa\u021bii personale descrise \u00een aceast\u0103 Sec\u021biune (F).<\/li>\n<\/ol>\n<p><strong>G. P\u0103strarea informa\u021biilor personale<\/strong><\/p>\n<ol>\n<li>1. Aceast\u0103 Sec\u021biune G stabile\u0219te politicile \u0219i procedurile noastre de p\u0103strare a datelor, care sunt concepute pentru a ajuta la asigurarea respect\u0103rii obliga\u021biilor noastre legale cu privire la p\u0103strarea \u0219i \u0219tergerea informa\u021biilor personale.<\/li>\n<li>Informa\u021biile personale pe care le prelucr\u0103m cu orice scop sau scopuri nu vor fi p\u0103strate mai mult dec\u00e2t este necesar pentru acel scop sau scopuri.<\/li>\n<li>3. F\u0103r\u0103 a aduce atingere articolului G-2, de obicei \u0219tergem datele cu caracter personal care se \u00eencadreaz\u0103 \u00een categoriile prezentate mai jos la data\/ora stabilite mai jos:<br><ol type=\"a\">\n<li>informa\u021biile de tip personal vor fi \u0219terse \u00een momentul \u00een care v-a\u021bi \u0219ters contul dumneavoastr\u0103 de pe site-ul nostru, sau la cerere. \u00cen cazul \u00een care cere\u021bi acest lucru, automat \u0219i contul dumneavoastr\u0103 de utilizator, v\u0103 fi \u0219ters.&nbsp;<\/li>\n<\/ol>\n<\/li>\n<li>\u00cen pofida celorlalte dispozi\u021bii din aceast\u0103 Sec\u021biune G, vom p\u0103stra documente (inclusiv documente electronice) care con\u021bin date cu caracter personal:<br><ol type=\"a\">\n<li>\u00een m\u0103sura \u00een care ni se solicit\u0103 acest lucru prin lege;<\/li>\n<li>dac\u0103 consider\u0103m c\u0103 documentele pot fi relevante pentru orice procedur\u0103 legal\u0103 \u00een derulare sau viitoare; \u0219i<\/li>\n<li>pentru a stabili, exercita sau ap\u0103ra drepturile noastre legale (inclusiv furnizarea de informa\u021bii c\u0103tre ter\u021bi \u00een scopul prevenirii fraudelor \u0219i reducerea riscului de credit);<\/li>\n<\/ol>\n<\/li>\n<\/ol>\n<p><strong>H. Securitatea informa\u021biilor dvs. personale<\/strong><\/p>\n<ol>\n<li>Vom lua m\u0103suri de precau\u021bie tehnice \u0219i organiza\u021bionale rezonabile pentru a preveni pierderea, utilizarea necorespunz\u0103toare sau modificarea informa\u021biilor dvs. personale.<\/li>\n<li>Vom stoca toate informa\u021biile personale pe care le oferi\u021bi pe serverele noastre securizate (protejate prin parol\u0103 \u0219i firewall).<\/li>\n<li>Toate tranzac\u021biile financiare electronice \u00eencheiate prin intermediul website-ului nostru vor fi protejate de tehnologia de criptare.<\/li>\n<li>A\u021bi luat la cuno\u0219tin\u021b\u0103 faptul c\u0103 transmiterea informa\u021biilor pe internet este \u00een mod obi\u0219nuit nesigur\u0103 \u0219i nu putem garanta securitatea datelor trimise pe internet.<\/li>\n<li>Sunte\u021bi responsabil(\u0103) pentru p\u0103strarea confiden\u021bialit\u0103\u021bii parolei pe care o utiliza\u021bi pentru accesarea website-ului nostru; nu v\u0103 vom solicita niciodat\u0103 parola (cu excep\u021bia momentului c\u00e2nd v\u0103 conecta\u021bi pe website-ul nostru).<\/li>\n<\/ol>\n<p><strong>I. Modific\u0103ri<\/strong><\/p>\n<p><\/p>\n<p>Ne rezerv\u0103m dreptul de a actualiza aceast\u0103 politic\u0103 din c\u00e2nd \u00een c\u00e2nd public\u00e2nd o versiune nou\u0103 pe website-ul nostru. Trebuie s\u0103 verifica\u021bi ocazional aceast\u0103 pagin\u0103 pentru a v\u0103 asigura c\u0103 \u00een\u021belege\u021bi orice modificare adus\u0103 acestei politici. V\u0103 putem anun\u021ba despre modific\u0103rile aduse acestei politici prin e-mail sau prin sistemul de mesagerie privat\u0103 de pe website-ul nostru.<\/p>\n<p><\/p>\n<p><strong>J. Drepturile dvs.<\/strong><\/p>\n<p><\/p>\n<p>Ne pute\u021bi solicita s\u0103 v\u0103 oferim orice informa\u021bii personale de\u021binem despre dvs.; furnizarea acestor informa\u021bii va fi supus\u0103 urm\u0103torilor termeni:<\/p>\n<ol>\n<li><span style=\"color: var( --e-global-color-text ); font-family: var( --e-global-typography-text-font-family ), Sans-serif; font-weight: var( --e-global-typography-text-font-weight ); text-align: var(--text-align);\">&nbsp;\u201eGRATUIT\u201d ;&nbsp;<\/span><\/li>\n<\/ol>\n<h1>\n<\/h1>\n<h6>\n<ol>\n<li>Putem re\u021bine informa\u021biile personale pe care le solicita\u021bi \u00een m\u0103sura permis\u0103 de lege.<\/li>\n<\/ol>\n<\/h6>\n<p>Ne pute\u021bi solicita \u00een orice moment s\u0103 nu prelucr\u0103m informa\u021biile dvs. personale \u00een scopuri de marketing.<\/p>\n<p><\/p>\n<p>\u00cen practic\u0103, de obicei fie v\u0103 exprima\u021bi acordul expres prealabil cu privire la utilizarea informa\u021biilor dvs. personale \u00een scopuri de marketing, fie v\u0103 vom oferi posibilitatea de a renun\u021ba la utilizarea informa\u021biilor dvs. personale \u00een scopuri de marketing.<\/p>\n<p><\/p>\n<p><strong>K. Site-uri ter\u021be<\/strong><\/p>\n<p><\/p>\n<p>Site-ul nostru include hyperlink-uri c\u0103tre \u0219i detalii despre site-uri ter\u021be. Nu de\u021binem niciun control \u0219i nu de facem responsabili pentru politicile \u0219i practicile de confiden\u021bialitate ale ter\u021bilor.<\/p>\n<p><\/p>\n<p><strong>L. Actualizarea informa\u021biilor<\/strong><\/p>\n<p><\/p>\n<p>V\u0103 rug\u0103m s\u0103 ne anun\u021ba\u021bi dac\u0103 informa\u021biile personale pe care le de\u021binem despre dvs. trebuie s\u0103 fie corectate sau actualizate.<\/p>\n<p><\/p>\n<p><strong>M. Cookie-uri<\/strong><\/p>\n<p><\/p>\n<p>Website-ul nostru folose\u0219te cookie-uri. Cookie-ul este un fi\u0219ier care con\u021bine un identificator (un \u0219ir de litere \u0219i numere), care este trimis de un server web c\u0103tre un browser \u0219i care este stocat de acel browser. Identificatorul este apoi trimis \u00eenapoi la server de fiecare dat\u0103 c\u00e2nd browser-ul solicit\u0103 o pagin\u0103 de la acesta. Cookie-urile pot fi cookie-uri \u201epersistente\u201d sau cookie-uri \u201ede sesiune\u201d: cookie-ul persistent va fi stocat de c\u0103tre browser \u0219i va r\u0103m\u00e2ne valabil p\u00e2n\u0103 la data stabilit\u0103 de expirare, cu excep\u021bia cazului \u00een care acesta este \u0219ters \u00eenainte de data de expirare; pe de alt\u0103 parte, cookie-ul de sesiune va expira la sf\u00e2r\u0219itul sesiunii utilizatorului, la \u00eenchiderea browser-ului. Cookie-urile nu con\u021bin de obicei informa\u021bii care identific\u0103 personal un utilizator, dar informa\u021biile personale pe care le stoc\u0103m despre dvs. pot fi legate de informa\u021biile stocate \u0219i ob\u021binute prin cookie-uri.&nbsp;<span style=\"color: var( --e-global-color-text ); font-family: var( --e-global-typography-text-font-family ), Sans-serif; font-weight: var( --e-global-typography-text-font-weight ); text-align: var(--text-align);\">;<\/span><\/p><ol>\n<li>Majoritatea browser-elor v\u0103 permit s\u0103 refuza\u021bi s\u0103 accepta\u021bi cookie-uri \u2013 de exemplu:<br><ol type=\"a\">\n<li>\u00een Internet Explorer (versiunea 10) pute\u021bi bloca cookie-urile utiliz\u00e2nd suprascrierea set\u0103rilor de manipulare a cookie-urilor, disponibile printr-un clic pe \u201eInstrumente\u201d, \u201eOp\u021biuni de Internet\u201d, \u201eConfiden\u021bialitate\u201d, apoi \u201eAvansat\u201d;<\/li>\n<li>\u00een Firefox (versiunea 24) pute\u021bi bloca toate cookie-urile f\u0103c\u00e2nd clic pe \u201eInstrumente\u201d, \u201eOp\u021biuni\u201d, \u201eConfiden\u021bialitate\u201d, select\u00e2nd \u201eUtiliza\u021bi set\u0103ri personalizate pentru istoric\u201d din meniul derulant \u0219i debif\u00e2nd \u201eAccepta\u021bi cookie-uri de la website-uri\u201d; \u0219i<\/li>\n<li>\u00een Chrome (versiunea 29), pute\u021bi bloca toate cookie-urile acces\u00e2nd meniul \u201ePersonalizare \u0219i control\u201d, f\u0103c\u00e2nd clic pe \u201eSet\u0103ri\u201d, \u201eAfi\u0219a\u021bi set\u0103rile avansate\u201d \u0219i pe \u201eSet\u0103ri de con\u021binut\u201d, apoi select\u00e2nd \u201eBloca\u021bi site-urile s\u0103 trimit\u0103 orice date\u201d la rubrica \u201eCookie-uri\u201d.<\/li>\n<\/ol>\n<\/li>\n<\/ol>\n<p>Blocarea tuturor cookie-urilor va avea un impact negativ asupra utilizabilit\u0103\u021bii multor website-uri. Dac\u0103 bloca\u021bi cookie-urile, nu ve\u021bi putea utiliza toate func\u021biile de pe website-ul nostru.<\/p>\n<p><\/p>\n<ol start=\"3\">\n<li>Pute\u021bi \u0219terge cookie-urile deja stocate pe computer \u2013 de exemplu:<br><ol type=\"a\">\n<li>\u00cen Internet Explorer (versiunea 10), trebuie s\u0103 \u0219terge\u021bi manual fi\u0219ierele cookie (pute\u021bi g\u0103si instruc\u021biuni despre cum pute\u021bi face acest lucru la&nbsp;<a href=\"http:\/\/support.microsoft.com\/kb\/278835\" target=\"_blank\" rel=\"noopener nofollow noreferrer\">http:\/\/support.microsoft.com\/kb\/278835<\/a>&nbsp;);<\/li>\n<li>\u00cen Firefox (versiunea 24), pute\u021bi \u0219terge cookie-urile f\u0103c\u00e2nd clic pe \u201eInstrumente\u201d, \u201eOp\u021biuni\u201d \u0219i \u201eConfiden\u021bialitate\u201d, apoi select\u00e2nd \u201eUtiliza\u021bi set\u0103ri personalizate pentru istoric\u201d, f\u0103c\u00e2nd clic pe \u201eAfi\u0219are cookie-uri\u201d, apoi pe \u201e\u0218terge\u021bi toate Cookie-urile\u201c; \u0219i<\/li>\n<li>\u00een Chrome (versiunea 29), pute\u021bi \u0219terge toate cookie-urile acces\u00e2nd meniul \u201ePersonalizare \u0219i control\u201d, f\u0103c\u00e2nd clic pe \u201eSet\u0103ri\u201d, \u201eAfi\u0219a\u021bi set\u0103rile avansate\u201d \u0219i pe \u201e\u0218terge\u021bi datele de navigare\u201d, apoi selecta\u021bi \u201e\u0218terge\u021bi cookie-urile \u0219i alte date despre website \u0219i plugin-uri\u201d \u0219i face\u021bi clic pe \u201e\u0218terge\u021bi datele de navigare\u201d.<\/li>\n<\/ol>\n<\/li>\n<li>\u0218tergerea cookie-urilor va avea un impact negativ asupra utilizabilit\u0103\u021bii multor website-uri.<\/li>\n<\/ol>\t\t\t\t\t\t\t\t<\/div>\n\t\t\t\t<\/div>\n\t\t\t\t\t<\/div>\n\t\t\t\t<\/div>\n\t\t\t\t<\/div>\n\t\t","protected":false},"excerpt":{"rendered":"<p>GDPR A. Introducere Confiden\u021bialitatea vizitatorilor website-ului nostru, numit \u00een&nbsp;continuare www.gravatorre.ro,&nbsp; este foarte important\u0103 pentru noi \u0219i ne lu\u0103m angajamentul s\u0103 o protej\u0103m. Aceast\u0103 politic\u0103 explic\u0103 ce vom face cu informa\u021biile dumneavoastr\u0103 personale. Acordarea consim\u021b\u0103m\u00e2ntului asupra utiliz\u0103rii cookie-urilor \u00een concordan\u021b\u0103 cu termenii acestei politici atunci c\u00e2nd vizita\u021bi website-ul nostru&nbsp;, numit \u00een&nbsp;continuare www.gravatorre.ro&nbsp;pentru prima dat\u0103, ne permite &hellip;<\/p>\n","protected":false},"author":2,"featured_media":0,"parent":0,"menu_order":0,"comment_status":"closed","ping_status":"closed","template":"","meta":{"footnotes":""},"class_list":["post-358","page","type-page","status-publish","hentry"],"_links":{"self":[{"href":"https:\/\/gravatorre.ro\/index.php?rest_route=\/wp\/v2\/pages\/358","targetHints":{"allow":["GET"]}}],"collection":[{"href":"https:\/\/gravatorre.ro\/index.php?rest_route=\/wp\/v2\/pages"}],"about":[{"href":"https:\/\/gravatorre.ro\/index.php?rest_route=\/wp\/v2\/types\/page"}],"author":[{"embeddable":true,"href":"https:\/\/gravatorre.ro\/index.php?rest_route=\/wp\/v2\/users\/2"}],"replies":[{"embeddable":true,"href":"https:\/\/gravatorre.ro\/index.php?rest_route=%2Fwp%2Fv2%2Fcomments&post=358"}],"version-history":[{"count":33,"href":"https:\/\/gravatorre.ro\/index.php?rest_route=\/wp\/v2\/pages\/358\/revisions"}],"predecessor-version":[{"id":2768,"href":"https:\/\/gravatorre.ro\/index.php?rest_route=\/wp\/v2\/pages\/358\/revisions\/2768"}],"wp:attachment":[{"href":"https:\/\/gravatorre.ro\/index.php?rest_route=%2Fwp%2Fv2%2Fmedia&parent=358"}],"curies":[{"name":"wp","href":"https:\/\/api.w.org\/{rel}","templated":true}]}}