{"id":252,"date":"2015-08-11T22:11:48","date_gmt":"2015-08-11T22:11:48","guid":{"rendered":"http:\/\/savoy.nordicmade.com\/product\/pendant-lamp\/"},"modified":"2025-02-14T19:31:12","modified_gmt":"2025-02-14T19:31:12","slug":"pendant-lamp","status":"publish","type":"product","link":"https:\/\/gravatorre.ro\/?product=pendant-lamp","title":{"rendered":"C\u0103su\u021b\u0103 din lemn pentru p\u0103s\u0103ri"},"content":{"rendered":"<p>Perfect\u0103 penru orice gradin\u0103 sau verand\u0103. Ajuta\u021bi pas\u0103rile de dimensiuni mici s\u0103 se ad\u0103posteasc\u0103 pe vreme rea. Nu uita\u021bi, s\u0103 pune\u021bi \u0219i ni\u0219te gr\u0103un\u021be, altfel ave\u021bi \u0219anse mult mai mari s\u0103 le atrage\u021bi.<\/p>\n","protected":false},"excerpt":{"rendered":"<p>Scoate\u021bi \u00een eviden\u021ba gradina dumneavoastr\u0103 cu aceast\u0103 c\u0103su\u021b\u0103 minunat\u0103. O putem poersonaliza \u0219i \u00een alte culori.<\/p>\n","protected":false},"featured_media":2783,"comment_status":"open","ping_status":"closed","template":"","meta":[],"product_brand":[],"product_cat":[20],"product_tag":[],"class_list":{"0":"post-252","1":"product","2":"type-product","3":"status-publish","4":"has-post-thumbnail","6":"product_cat-obiecte-din-lemn","8":"first","9":"instock","10":"sale","11":"featured","12":"shipping-taxable","13":"purchasable","14":"product-type-simple"},"_links":{"self":[{"href":"https:\/\/gravatorre.ro\/index.php?rest_route=\/wp\/v2\/product\/252","targetHints":{"allow":["GET"]}}],"collection":[{"href":"https:\/\/gravatorre.ro\/index.php?rest_route=\/wp\/v2\/product"}],"about":[{"href":"https:\/\/gravatorre.ro\/index.php?rest_route=\/wp\/v2\/types\/product"}],"replies":[{"embeddable":true,"href":"https:\/\/gravatorre.ro\/index.php?rest_route=%2Fwp%2Fv2%2Fcomments&post=252"}],"wp:featuredmedia":[{"embeddable":true,"href":"https:\/\/gravatorre.ro\/index.php?rest_route=\/wp\/v2\/media\/2783"}],"wp:attachment":[{"href":"https:\/\/gravatorre.ro\/index.php?rest_route=%2Fwp%2Fv2%2Fmedia&parent=252"}],"wp:term":[{"taxonomy":"product_brand","embeddable":true,"href":"https:\/\/gravatorre.ro\/index.php?rest_route=%2Fwp%2Fv2%2Fproduct_brand&post=252"},{"taxonomy":"product_cat","embeddable":true,"href":"https:\/\/gravatorre.ro\/index.php?rest_route=%2Fwp%2Fv2%2Fproduct_cat&post=252"},{"taxonomy":"product_tag","embeddable":true,"href":"https:\/\/gravatorre.ro\/index.php?rest_route=%2Fwp%2Fv2%2Fproduct_tag&post=252"}],"curies":[{"name":"wp","href":"https:\/\/api.w.org\/{rel}","templated":true}]}}