{"id":2532,"date":"2015-08-11T22:11:48","date_gmt":"2015-08-11T22:11:48","guid":{"rendered":"http:\/\/savoy.nordicmade.com\/product\/pendant-lamp\/"},"modified":"2025-02-14T20:51:06","modified_gmt":"2025-02-14T20:51:06","slug":"pendant-lamp-2","status":"publish","type":"product","link":"https:\/\/gravatorre.ro\/?product=pendant-lamp-2","title":{"rendered":"Pu\u0219culi\u021b\u0103 pentru Botez vopsita (doar personalizat\u0103)"},"content":{"rendered":"<p>Un nou mod de a agonisi \u0219i cu siguran\u021b\u0103, primii bani ai lui Bebe.<br \/>\nAceast\u0103 pu\u0219culi\u021b\u0103 se realizeaz\u0103 doar la comand\u0103, fiind gratuit personalizat\u0103, dup\u0103 tematica fiec\u0103rui botez \u00een parte.<\/p>\n","protected":false},"excerpt":{"rendered":"<p><strong>Perfect\u0103 pentru cadouri de botez sau pentru a economisi pentru viitorul micu\u021bului t\u0103u!<\/strong><\/p>\n<p>Aceast\u0103 pusculi\u021b\u0103 fermec\u0103toare este un cadou minunat pentru orice nou-n\u0103scut sau pentru orice eveniment special, precum botezul. Fabricat\u0103 cu aten\u021bie din material de calitate, aceast\u0103 pusculi\u021b\u0103 este conceput\u0103 s\u0103 fie at\u00e2t func\u021bional\u0103, c\u00e2t \u0219i adorabil\u0103.<\/p>\n","protected":false},"featured_media":2792,"comment_status":"open","ping_status":"closed","template":"","meta":[],"product_brand":[],"product_cat":[20],"product_tag":[],"class_list":{"0":"post-2532","1":"product","2":"type-product","3":"status-publish","4":"has-post-thumbnail","6":"product_cat-obiecte-din-lemn","8":"first","9":"instock","10":"featured","11":"shipping-taxable","12":"purchasable","13":"product-type-simple"},"_links":{"self":[{"href":"https:\/\/gravatorre.ro\/index.php?rest_route=\/wp\/v2\/product\/2532","targetHints":{"allow":["GET"]}}],"collection":[{"href":"https:\/\/gravatorre.ro\/index.php?rest_route=\/wp\/v2\/product"}],"about":[{"href":"https:\/\/gravatorre.ro\/index.php?rest_route=\/wp\/v2\/types\/product"}],"replies":[{"embeddable":true,"href":"https:\/\/gravatorre.ro\/index.php?rest_route=%2Fwp%2Fv2%2Fcomments&post=2532"}],"wp:featuredmedia":[{"embeddable":true,"href":"https:\/\/gravatorre.ro\/index.php?rest_route=\/wp\/v2\/media\/2792"}],"wp:attachment":[{"href":"https:\/\/gravatorre.ro\/index.php?rest_route=%2Fwp%2Fv2%2Fmedia&parent=2532"}],"wp:term":[{"taxonomy":"product_brand","embeddable":true,"href":"https:\/\/gravatorre.ro\/index.php?rest_route=%2Fwp%2Fv2%2Fproduct_brand&post=2532"},{"taxonomy":"product_cat","embeddable":true,"href":"https:\/\/gravatorre.ro\/index.php?rest_route=%2Fwp%2Fv2%2Fproduct_cat&post=2532"},{"taxonomy":"product_tag","embeddable":true,"href":"https:\/\/gravatorre.ro\/index.php?rest_route=%2Fwp%2Fv2%2Fproduct_tag&post=2532"}],"curies":[{"name":"wp","href":"https:\/\/api.w.org\/{rel}","templated":true}]}}