{"id":2533,"date":"2015-08-11T22:13:09","date_gmt":"2015-08-11T22:13:09","guid":{"rendered":"http:\/\/savoy.nordicmade.com\/product\/classic-chair\/"},"modified":"2025-02-14T21:06:51","modified_gmt":"2025-02-14T21:06:51","slug":"decor-pascal","status":"publish","type":"product","link":"https:\/\/gravatorre.ro\/?product=decor-pascal","title":{"rendered":"Decor Pascal"},"content":{"rendered":"<p>Dar ce nu putem face din lemn?<\/p>\n<p>Aceast\u0103 minunat\u0103 crea\u021bie, ne duce cu g\u00e2ndul la pove\u0219tile de odinioar\u0103, desprins\u0103 din filele c\u0103r\u021bilor de pove\u0219ti, \u00een care ne imaginam cum ar ar\u0103ta oare o c\u0103su\u021b\u0103 \u00een form\u0103 de ou.<\/p>\n<p>Lucrat\u0103 cu m\u0103iestrie \u0219i at\u00e2tea detalii, aceast\u0103 c\u0103su\u021b\u0103 va umple cu siguran\u021b\u0103 un col\u021b al camerei.<\/p>\n<p>\u00cen\u0103untru, are \u0219i c\u00e2teva cofraje \u00een care pot intra lejer c\u00e2teva ou\u0103 vopsite.<\/p>\n","protected":false},"excerpt":{"rendered":"<p>Aceast\u0103 cas\u0103 \u00een form\u0103 de ou, este f\u0103cut\u0103 special pentru a fi \u00een centrul aten\u021biei.<\/p>\n","protected":false},"featured_media":2802,"comment_status":"open","ping_status":"closed","template":"","meta":[],"product_brand":[],"product_cat":[20],"product_tag":[],"class_list":{"0":"post-2533","1":"product","2":"type-product","3":"status-publish","4":"has-post-thumbnail","6":"product_cat-obiecte-din-lemn","8":"first","9":"instock","10":"sale","11":"featured","12":"shipping-taxable","13":"purchasable","14":"product-type-simple"},"_links":{"self":[{"href":"https:\/\/gravatorre.ro\/index.php?rest_route=\/wp\/v2\/product\/2533","targetHints":{"allow":["GET"]}}],"collection":[{"href":"https:\/\/gravatorre.ro\/index.php?rest_route=\/wp\/v2\/product"}],"about":[{"href":"https:\/\/gravatorre.ro\/index.php?rest_route=\/wp\/v2\/types\/product"}],"replies":[{"embeddable":true,"href":"https:\/\/gravatorre.ro\/index.php?rest_route=%2Fwp%2Fv2%2Fcomments&post=2533"}],"wp:featuredmedia":[{"embeddable":true,"href":"https:\/\/gravatorre.ro\/index.php?rest_route=\/wp\/v2\/media\/2802"}],"wp:attachment":[{"href":"https:\/\/gravatorre.ro\/index.php?rest_route=%2Fwp%2Fv2%2Fmedia&parent=2533"}],"wp:term":[{"taxonomy":"product_brand","embeddable":true,"href":"https:\/\/gravatorre.ro\/index.php?rest_route=%2Fwp%2Fv2%2Fproduct_brand&post=2533"},{"taxonomy":"product_cat","embeddable":true,"href":"https:\/\/gravatorre.ro\/index.php?rest_route=%2Fwp%2Fv2%2Fproduct_cat&post=2533"},{"taxonomy":"product_tag","embeddable":true,"href":"https:\/\/gravatorre.ro\/index.php?rest_route=%2Fwp%2Fv2%2Fproduct_tag&post=2533"}],"curies":[{"name":"wp","href":"https:\/\/api.w.org\/{rel}","templated":true}]}}