{"id":2672,"date":"2024-03-31T19:51:56","date_gmt":"2024-03-31T19:51:56","guid":{"rendered":"https:\/\/gravatorre.ro\/?post_type=product&#038;p=2672"},"modified":"2025-02-14T20:45:16","modified_gmt":"2025-02-14T20:45:16","slug":"pusculita-pentru-botez-natur","status":"publish","type":"product","link":"https:\/\/gravatorre.ro\/?product=pusculita-pentru-botez-natur","title":{"rendered":"Pu\u0219culi\u021b\u0103 pentru Botez natur"},"content":{"rendered":"<p><strong>Perfect\u0103 pentru cadouri de botez sau pentru a economisi pentru viitorul micu\u021bului t\u0103u!<\/strong><\/p>\n<p>Aceast\u0103 pusculi\u021b\u0103 fermec\u0103toare este un cadou minunat pentru orice nou-n\u0103scut sau pentru orice eveniment special, precum botezul. Fabricat\u0103 cu aten\u021bie din material de calitate, aceast\u0103 pusculi\u021b\u0103 este conceput\u0103 s\u0103 fie at\u00e2t func\u021bional\u0103, c\u00e2t \u0219i adorabil\u0103.<\/p>\n","protected":false},"excerpt":{"rendered":"<p>Un nou mod de a agonisi \u0219i cu siguran\u021b\u0103, primii bani ai lui Bebe.<br \/>\nAceast\u0103 pu\u0219culi\u021b\u0103 se realizeaz\u0103 doar la comand\u0103, fiind gratuit personalizat\u0103, dup\u0103 tematica fiec\u0103rui botez \u00een parte.<\/p>\n","protected":false},"featured_media":2789,"comment_status":"open","ping_status":"closed","template":"","meta":[],"product_brand":[],"product_cat":[20],"product_tag":[],"class_list":{"0":"post-2672","1":"product","2":"type-product","3":"status-publish","4":"has-post-thumbnail","6":"product_cat-obiecte-din-lemn","8":"first","9":"instock","10":"shipping-taxable","11":"purchasable","12":"product-type-simple"},"_links":{"self":[{"href":"https:\/\/gravatorre.ro\/index.php?rest_route=\/wp\/v2\/product\/2672","targetHints":{"allow":["GET"]}}],"collection":[{"href":"https:\/\/gravatorre.ro\/index.php?rest_route=\/wp\/v2\/product"}],"about":[{"href":"https:\/\/gravatorre.ro\/index.php?rest_route=\/wp\/v2\/types\/product"}],"replies":[{"embeddable":true,"href":"https:\/\/gravatorre.ro\/index.php?rest_route=%2Fwp%2Fv2%2Fcomments&post=2672"}],"wp:featuredmedia":[{"embeddable":true,"href":"https:\/\/gravatorre.ro\/index.php?rest_route=\/wp\/v2\/media\/2789"}],"wp:attachment":[{"href":"https:\/\/gravatorre.ro\/index.php?rest_route=%2Fwp%2Fv2%2Fmedia&parent=2672"}],"wp:term":[{"taxonomy":"product_brand","embeddable":true,"href":"https:\/\/gravatorre.ro\/index.php?rest_route=%2Fwp%2Fv2%2Fproduct_brand&post=2672"},{"taxonomy":"product_cat","embeddable":true,"href":"https:\/\/gravatorre.ro\/index.php?rest_route=%2Fwp%2Fv2%2Fproduct_cat&post=2672"},{"taxonomy":"product_tag","embeddable":true,"href":"https:\/\/gravatorre.ro\/index.php?rest_route=%2Fwp%2Fv2%2Fproduct_tag&post=2672"}],"curies":[{"name":"wp","href":"https:\/\/api.w.org\/{rel}","templated":true}]}}