{"id":3038,"date":"2025-02-15T10:28:56","date_gmt":"2025-02-15T10:28:56","guid":{"rendered":"https:\/\/gravatorre.ro\/?post_type=product&#038;p=3038"},"modified":"2025-02-16T11:20:16","modified_gmt":"2025-02-16T11:20:16","slug":"caruciorul-lui-mos-craciun","status":"publish","type":"product","link":"https:\/\/gravatorre.ro\/?product=caruciorul-lui-mos-craciun","title":{"rendered":"C\u0103ruciorul lui Mo\u0219 Cr\u0103ciun"},"content":{"rendered":"<p>Produs f\u0103cut cu m\u00e2ndrie \u00een Rom\u00e2nia!<\/p>\n<p>Dimensiune: 35x25x25 cm<\/p>\n<p>Grosime material: 4 mm<\/p>\n<p>Material: Lemn natur (placaj)<\/p>\n<p>Metoda de realizare: Decupaj laser<\/p>\n<p><em><strong>Decora\u021biunile din c\u0103rucior sunt cu titlu de prezentare \u0219i nu sunt incluse \u00een pre\u021b.<\/strong><\/em><\/p>\n<p>Pentru o alt\u0103 personalizare ne pute\u021bi contacta telefonic, folosind formularul de contact sau pe WhatApp, la num\u0103rul de telefon:<\/p>\n<p>0764 589 669.<\/p>\n<p>Orice produs de pe siteul nostru, poate fi personalizat \u00een:<\/p>\n<ul>\n<li>diferite culori<\/li>\n<li>mesaje personalizate<\/li>\n<li>redimensionare de la 2mm la 8 mm<\/li>\n<\/ul>\n<p>Nuan\u021ba lemnului poate diferi fa\u021b\u0103 de imagini datorit\u0103 diferen\u021belor dintre pl\u0103ci sau luminozitate.<\/p>\n<p>Acest produs se livreaz\u0103 asamblat.<\/p>\n<p><strong>Produsele personalizate se achit\u0103 numai \u00een avans \u0219i nu pot fi returnate.<\/strong><\/p>\n<p>Termen de execu\u021bie \u0219i livrare <strong>4-8 zile<\/strong>, \u00een func\u021bie de dificultate.<\/p>\n<p>Returnarea produselor (cu excep\u021bia celor personalizate sau executate la comand\u0103) este de maxim <strong>14 zile<\/strong> calendaristice. Mai multe detalii, \u00een politica noastr\u0103 de retur.<\/p>\n<p>&nbsp;<\/p>\n","protected":false},"excerpt":{"rendered":"<p>Produs f\u0103cut cu m\u00e2ndrie \u00een Rom\u00e2nia! Dimensiune: 35x25x25 cm Grosime material: 4 mm Material: Lemn natur (placaj) Metoda de realizare: Decupaj laser Decora\u021biunile din c\u0103rucior sunt cu titlu de prezentare \u0219i nu sunt incluse \u00een pre\u021b. Pentru o alt\u0103 personalizare ne pute\u021bi contacta telefonic, folosind formularul de contact sau pe WhatApp, la num\u0103rul de telefon: &hellip;<\/p>\n","protected":false},"featured_media":3002,"comment_status":"open","ping_status":"closed","template":"","meta":[],"product_brand":[],"product_cat":[20],"product_tag":[],"class_list":{"0":"post-3038","1":"product","2":"type-product","3":"status-publish","4":"has-post-thumbnail","6":"product_cat-obiecte-din-lemn","8":"first","9":"instock","10":"shipping-taxable","11":"purchasable","12":"product-type-simple"},"_links":{"self":[{"href":"https:\/\/gravatorre.ro\/index.php?rest_route=\/wp\/v2\/product\/3038","targetHints":{"allow":["GET"]}}],"collection":[{"href":"https:\/\/gravatorre.ro\/index.php?rest_route=\/wp\/v2\/product"}],"about":[{"href":"https:\/\/gravatorre.ro\/index.php?rest_route=\/wp\/v2\/types\/product"}],"replies":[{"embeddable":true,"href":"https:\/\/gravatorre.ro\/index.php?rest_route=%2Fwp%2Fv2%2Fcomments&post=3038"}],"wp:featuredmedia":[{"embeddable":true,"href":"https:\/\/gravatorre.ro\/index.php?rest_route=\/wp\/v2\/media\/3002"}],"wp:attachment":[{"href":"https:\/\/gravatorre.ro\/index.php?rest_route=%2Fwp%2Fv2%2Fmedia&parent=3038"}],"wp:term":[{"taxonomy":"product_brand","embeddable":true,"href":"https:\/\/gravatorre.ro\/index.php?rest_route=%2Fwp%2Fv2%2Fproduct_brand&post=3038"},{"taxonomy":"product_cat","embeddable":true,"href":"https:\/\/gravatorre.ro\/index.php?rest_route=%2Fwp%2Fv2%2Fproduct_cat&post=3038"},{"taxonomy":"product_tag","embeddable":true,"href":"https:\/\/gravatorre.ro\/index.php?rest_route=%2Fwp%2Fv2%2Fproduct_tag&post=3038"}],"curies":[{"name":"wp","href":"https:\/\/api.w.org\/{rel}","templated":true}]}}